{"id":9,"date":"2022-03-09T16:12:09","date_gmt":"2022-03-09T16:12:09","guid":{"rendered":"https:\/\/opg-kukic.hr\/?page_id=9"},"modified":"2022-03-16T14:32:32","modified_gmt":"2022-03-16T14:32:32","slug":"kontakt","status":"publish","type":"page","link":"https:\/\/opg-kukic.hr\/index.php\/kontakt\/","title":{"rendered":"Mjera 6.2.1"},"content":{"rendered":"<p>&nbsp;<\/p>\n<p><img loading=\"lazy\" decoding=\"async\" class=\"size-medium wp-image-68 aligncenter\" src=\"https:\/\/opg-kukic.hr\/wp-content\/uploads\/2022\/03\/kukic-opg-300x192.png\" alt=\"\" width=\"300\" height=\"192\" srcset=\"https:\/\/opg-kukic.hr\/wp-content\/uploads\/2022\/03\/kukic-opg-300x192.png 300w, https:\/\/opg-kukic.hr\/wp-content\/uploads\/2022\/03\/kukic-opg-370x237.png 370w, https:\/\/opg-kukic.hr\/wp-content\/uploads\/2022\/03\/kukic-opg.png 538w\" sizes=\"auto, (max-width: 300px) 100vw, 300px\" \/><\/p>\n<p>NAZIV PROJEKTA:<br \/>\n\u0160umarske usluge Kuki\u0107<\/p>\n<p>OPIS PROJEKTA:<\/p>\n<p>Trenuta\u010dno poslovanje, zbog svojih ograni\u010denja u pogledu obujma proizvodnje i cjenovnih ograni\u010denja u prodaji svojih proizvoda ne omogu\u0107ava adekvatan razvoj OPG-a te bi se uvo\u0111enjem nove djelatnosti u poslovne procese prijavitelja (pru\u017eanje usluga u \u0161umarstvu s poljoprivrednom i \u0161umskom mehanizacijom) omogu\u0107ilo daljnje poslovno unapre\u0111enje i ostvarivanje uvjeta za nova zapo\u0161ljavanja.<\/p>\n<p>Projekt doprinosi pokazatelju stvaranja novih radnih mjesta jer \u0107e zaposliti 1 novu osobu sa mogu\u0107no\u0161\u0107u u srednjoro\u010dnom razdoblju zapo\u0161ljavanja jo\u0161 djelatnika.<br \/>\nProvedbom planirane investicije i \u0161irenjem djelatnosti OPG-a do\u0107i \u0107e do potrebe zapo\u0161ljavanja novog djelatnika koji \u0107e raditi na djelatnostima koje \u0107e biti ustrojene provedbom ovog projektnog prijedloga. Zaposliti \u0107e se jedna osoba u referentnoj godini 2023, raditi \u0107e 1100 sati godi\u0161nje. Nova osoba obavljati \u0107e poslove cijepanja drva, prijevoza cjepa\u010da drva do krajnjeg korisnika, uslugu utovara i istovara drvne mase za fizi\u010dke osobe. Tako\u0111er \u0107e biti kontakt servisa, naru\u010divati \u0107e rezervne dijelove za isto te izdavati ra\u010dune.<\/p>\n<p>AKTIVNOSTI:<br \/>\n&#8211; EP1 \u2013 Kupnja strojeva i opreme<br \/>\n&#8211; EP2 &#8211; Promotivne aktivnosti vezane uz prijavljenu djelatnost<br \/>\n&#8211; EP3 \u2013 Izrada projektne dokumentacije (usluge stru\u010dnjaka za izradu poslovnog plana i dokumentacije)<\/p>\n<p>VRIJEDNOST PROJEKTA:<br \/>\n50.000,00 Eura<\/p>\n","protected":false},"excerpt":{"rendered":"<p>&nbsp; NAZIV PROJEKTA: \u0160umarske usluge Kuki\u0107 OPIS PROJEKTA: Trenuta\u010dno poslovanje, zbog svojih ograni\u010denja u pogledu obujma proizvodnje i cjenovnih ograni\u010denja u prodaji svojih proizvoda ne omogu\u0107ava adekvatan razvoj OPG-a te bi se uvo\u0111enjem nove djelatnosti u poslovne procese prijavitelja (pru\u017eanje usluga u \u0161umarstvu s&hellip;<\/p>\n","protected":false},"author":1,"featured_media":0,"parent":0,"menu_order":0,"comment_status":"closed","ping_status":"closed","template":"","meta":{"footnotes":""},"class_list":["post-9","page","type-page","status-publish","hentry"],"_links":{"self":[{"href":"https:\/\/opg-kukic.hr\/index.php\/wp-json\/wp\/v2\/pages\/9","targetHints":{"allow":["GET"]}}],"collection":[{"href":"https:\/\/opg-kukic.hr\/index.php\/wp-json\/wp\/v2\/pages"}],"about":[{"href":"https:\/\/opg-kukic.hr\/index.php\/wp-json\/wp\/v2\/types\/page"}],"author":[{"embeddable":true,"href":"https:\/\/opg-kukic.hr\/index.php\/wp-json\/wp\/v2\/users\/1"}],"replies":[{"embeddable":true,"href":"https:\/\/opg-kukic.hr\/index.php\/wp-json\/wp\/v2\/comments?post=9"}],"version-history":[{"count":5,"href":"https:\/\/opg-kukic.hr\/index.php\/wp-json\/wp\/v2\/pages\/9\/revisions"}],"predecessor-version":[{"id":69,"href":"https:\/\/opg-kukic.hr\/index.php\/wp-json\/wp\/v2\/pages\/9\/revisions\/69"}],"wp:attachment":[{"href":"https:\/\/opg-kukic.hr\/index.php\/wp-json\/wp\/v2\/media?parent=9"}],"curies":[{"name":"wp","href":"https:\/\/api.w.org\/{rel}","templated":true}]}}