{"id":7,"date":"2022-03-09T16:12:01","date_gmt":"2022-03-09T16:12:01","guid":{"rendered":"https:\/\/opg-kukic.hr\/?page_id=7"},"modified":"2022-03-16T14:34:00","modified_gmt":"2022-03-16T14:34:00","slug":"o-nama","status":"publish","type":"page","link":"https:\/\/opg-kukic.hr\/index.php\/o-nama\/","title":{"rendered":"O nama"},"content":{"rendered":"<p>Vlasnik i nositelj OPG-a je gdin. Stjepan Kuki\u0107. Od 2003. nositelj je OPG-a. Dugogodi\u0161njim vo\u0111enjem OPG-a stje\u010de sva potrebna znanja za daljnji razvoj i unapre\u0111enje poslovanja te konstantno planira pro\u0161irenje na nove djelatnosti i ulazak na tr\u017ei\u0161te \u0161umarskih usluga. Na profesionalnom planu poha\u0111a sve va\u017enije edukacije i seminara iz sektora ratarstva. U poslovanju OPG-a mu poma\u017eu supruga i sin.<\/p>\n<p>Trenutno se obra\u0111uje ukupno 22,40 ha poljoprivrednih povr\u0161ina: Od toga 2,04 ha p\u0161enice, 6,05 ha kukuruza u zrnu, 3,75 ha je\u010dma, 4,55 ha ostalih uljarica, 4,55 ha soja, 2,01 ha lucerne i 3,17 ha livada i trajnih pa\u0161njaka, na 0,83 ha su ugari. Posjeduje 1 govedo iz sustava krava-tele.<\/p>\n<p>&nbsp;<\/p>\n","protected":false},"excerpt":{"rendered":"<p>Vlasnik i nositelj OPG-a je gdin. Stjepan Kuki\u0107. Od 2003. nositelj je OPG-a. Dugogodi\u0161njim vo\u0111enjem OPG-a stje\u010de sva potrebna znanja za daljnji razvoj i unapre\u0111enje poslovanja te konstantno planira pro\u0161irenje na nove djelatnosti i ulazak na tr\u017ei\u0161te \u0161umarskih usluga. Na profesionalnom planu poha\u0111a sve&hellip;<\/p>\n","protected":false},"author":1,"featured_media":0,"parent":0,"menu_order":0,"comment_status":"closed","ping_status":"closed","template":"","meta":{"footnotes":""},"class_list":["post-7","page","type-page","status-publish","hentry"],"_links":{"self":[{"href":"https:\/\/opg-kukic.hr\/index.php\/wp-json\/wp\/v2\/pages\/7","targetHints":{"allow":["GET"]}}],"collection":[{"href":"https:\/\/opg-kukic.hr\/index.php\/wp-json\/wp\/v2\/pages"}],"about":[{"href":"https:\/\/opg-kukic.hr\/index.php\/wp-json\/wp\/v2\/types\/page"}],"author":[{"embeddable":true,"href":"https:\/\/opg-kukic.hr\/index.php\/wp-json\/wp\/v2\/users\/1"}],"replies":[{"embeddable":true,"href":"https:\/\/opg-kukic.hr\/index.php\/wp-json\/wp\/v2\/comments?post=7"}],"version-history":[{"count":5,"href":"https:\/\/opg-kukic.hr\/index.php\/wp-json\/wp\/v2\/pages\/7\/revisions"}],"predecessor-version":[{"id":71,"href":"https:\/\/opg-kukic.hr\/index.php\/wp-json\/wp\/v2\/pages\/7\/revisions\/71"}],"wp:attachment":[{"href":"https:\/\/opg-kukic.hr\/index.php\/wp-json\/wp\/v2\/media?parent=7"}],"curies":[{"name":"wp","href":"https:\/\/api.w.org\/{rel}","templated":true}]}}