{"id":55,"date":"2022-03-16T14:07:42","date_gmt":"2022-03-16T14:07:42","guid":{"rendered":"https:\/\/opg-kukic.hr\/?page_id=55"},"modified":"2022-03-16T14:16:23","modified_gmt":"2022-03-16T14:16:23","slug":"proizvodnja","status":"publish","type":"page","link":"https:\/\/opg-kukic.hr\/index.php\/proizvodnja\/","title":{"rendered":"Proizvodnja"},"content":{"rendered":"<p>&nbsp;<\/p>\n<p><img loading=\"lazy\" decoding=\"async\" class=\"size-medium wp-image-58 alignleft\" src=\"https:\/\/opg-kukic.hr\/wp-content\/uploads\/2022\/03\/image-31-300x201.jpg\" alt=\"\" width=\"300\" height=\"201\" srcset=\"https:\/\/opg-kukic.hr\/wp-content\/uploads\/2022\/03\/image-31-300x201.jpg 300w, https:\/\/opg-kukic.hr\/wp-content\/uploads\/2022\/03\/image-31-370x248.jpg 370w, https:\/\/opg-kukic.hr\/wp-content\/uploads\/2022\/03\/image-31.jpg 530w\" sizes=\"auto, (max-width: 300px) 100vw, 300px\" \/><\/p>\n<p>Trenutno se obra\u0111uje ukupno 22,40 ha poljoprivrednih povr\u0161ina: Od toga 2,04 ha p\u0161enice, 6,05 ha kukuruza u zrnu, 3,75 ha je\u010dma, 4,55 ha ostalih uljarica, 4,55 ha soja, 2,01 ha lucerne i 3,17 ha livada i trajnih pa\u0161njaka, na 0,83 ha su ugari. Posjeduje 1 govedo iz sustava krava-tele.<\/p>\n","protected":false},"excerpt":{"rendered":"<p>&nbsp; Trenutno se obra\u0111uje ukupno 22,40 ha poljoprivrednih povr\u0161ina: Od toga 2,04 ha p\u0161enice, 6,05 ha kukuruza u zrnu, 3,75 ha je\u010dma, 4,55 ha ostalih uljarica, 4,55 ha soja, 2,01 ha lucerne i 3,17 ha livada i trajnih pa\u0161njaka, na 0,83 ha su ugari.&hellip;<\/p>\n","protected":false},"author":1,"featured_media":0,"parent":0,"menu_order":0,"comment_status":"closed","ping_status":"closed","template":"","meta":{"footnotes":""},"class_list":["post-55","page","type-page","status-publish","hentry"],"_links":{"self":[{"href":"https:\/\/opg-kukic.hr\/index.php\/wp-json\/wp\/v2\/pages\/55","targetHints":{"allow":["GET"]}}],"collection":[{"href":"https:\/\/opg-kukic.hr\/index.php\/wp-json\/wp\/v2\/pages"}],"about":[{"href":"https:\/\/opg-kukic.hr\/index.php\/wp-json\/wp\/v2\/types\/page"}],"author":[{"embeddable":true,"href":"https:\/\/opg-kukic.hr\/index.php\/wp-json\/wp\/v2\/users\/1"}],"replies":[{"embeddable":true,"href":"https:\/\/opg-kukic.hr\/index.php\/wp-json\/wp\/v2\/comments?post=55"}],"version-history":[{"count":3,"href":"https:\/\/opg-kukic.hr\/index.php\/wp-json\/wp\/v2\/pages\/55\/revisions"}],"predecessor-version":[{"id":60,"href":"https:\/\/opg-kukic.hr\/index.php\/wp-json\/wp\/v2\/pages\/55\/revisions\/60"}],"wp:attachment":[{"href":"https:\/\/opg-kukic.hr\/index.php\/wp-json\/wp\/v2\/media?parent=55"}],"curies":[{"name":"wp","href":"https:\/\/api.w.org\/{rel}","templated":true}]}}