{"id":12,"date":"2022-03-09T16:13:01","date_gmt":"2022-03-09T16:13:01","guid":{"rendered":"https:\/\/opg-kukic.hr\/?page_id=12"},"modified":"2022-03-16T14:19:01","modified_gmt":"2022-03-16T14:19:01","slug":"usluge","status":"publish","type":"page","link":"https:\/\/opg-kukic.hr\/index.php\/usluge\/","title":{"rendered":"Usluge"},"content":{"rendered":"<p>Pru\u017eamo usluga u \u0161umarstvu s poljoprivrednom i \u0161umskom mehanizacijom, opremom, ure\u0111ajima i\/ili alatima koje obuhva\u0107aju:<\/p>\n<p>&#8211; sje\u010du drva i izvla\u010denje drva iz \u0161ume,<br \/>\n&#8211; izradu trupaca i drvene sje\u010dke,<br \/>\n&#8211; piljenje drva<br \/>\n&#8211; ostale usluge povezane s \u0161umarstvom<\/p>\n<p>&nbsp;<\/p>\n<div id='gallery-1' class='gallery galleryid-12 gallery-columns-3 gallery-size-thumbnail'><figure class='gallery-item'>\n\t\t\t<div class='gallery-icon portrait'>\n\t\t\t\t<img loading=\"lazy\" decoding=\"async\" width=\"150\" height=\"150\" src=\"https:\/\/opg-kukic.hr\/wp-content\/uploads\/2022\/03\/viber_slika_2022-03-10_15-55-34-674-150x150.jpg\" class=\"attachment-thumbnail size-thumbnail\" alt=\"\" srcset=\"https:\/\/opg-kukic.hr\/wp-content\/uploads\/2022\/03\/viber_slika_2022-03-10_15-55-34-674-150x150.jpg 150w, https:\/\/opg-kukic.hr\/wp-content\/uploads\/2022\/03\/viber_slika_2022-03-10_15-55-34-674-90x90.jpg 90w\" sizes=\"auto, (max-width: 150px) 100vw, 150px\" \/>\n\t\t\t<\/div><\/figure><figure class='gallery-item'>\n\t\t\t<div class='gallery-icon landscape'>\n\t\t\t\t<img loading=\"lazy\" decoding=\"async\" width=\"150\" height=\"150\" src=\"https:\/\/opg-kukic.hr\/wp-content\/uploads\/2022\/03\/viber_slika_2022-03-10_15-55-34-415-150x150.jpg\" class=\"attachment-thumbnail size-thumbnail\" alt=\"\" srcset=\"https:\/\/opg-kukic.hr\/wp-content\/uploads\/2022\/03\/viber_slika_2022-03-10_15-55-34-415-150x150.jpg 150w, https:\/\/opg-kukic.hr\/wp-content\/uploads\/2022\/03\/viber_slika_2022-03-10_15-55-34-415-90x90.jpg 90w\" sizes=\"auto, (max-width: 150px) 100vw, 150px\" \/>\n\t\t\t<\/div><\/figure><figure class='gallery-item'>\n\t\t\t<div class='gallery-icon portrait'>\n\t\t\t\t<img loading=\"lazy\" decoding=\"async\" width=\"150\" height=\"150\" src=\"https:\/\/opg-kukic.hr\/wp-content\/uploads\/2022\/03\/PHOTO-2022-03-07-20-45-49-150x150.jpg\" class=\"attachment-thumbnail size-thumbnail\" alt=\"\" srcset=\"https:\/\/opg-kukic.hr\/wp-content\/uploads\/2022\/03\/PHOTO-2022-03-07-20-45-49-150x150.jpg 150w, https:\/\/opg-kukic.hr\/wp-content\/uploads\/2022\/03\/PHOTO-2022-03-07-20-45-49-90x90.jpg 90w\" sizes=\"auto, (max-width: 150px) 100vw, 150px\" \/>\n\t\t\t<\/div><\/figure>\n\t\t<\/div>\n\n","protected":false},"excerpt":{"rendered":"<p>Pru\u017eamo usluga u \u0161umarstvu s poljoprivrednom i \u0161umskom mehanizacijom, opremom, ure\u0111ajima i\/ili alatima koje obuhva\u0107aju: &#8211; sje\u010du drva i izvla\u010denje drva iz \u0161ume, &#8211; izradu trupaca i drvene sje\u010dke, &#8211; piljenje drva &#8211; ostale usluge povezane s \u0161umarstvom &nbsp;<\/p>\n","protected":false},"author":1,"featured_media":0,"parent":0,"menu_order":0,"comment_status":"closed","ping_status":"closed","template":"","meta":{"footnotes":""},"class_list":["post-12","page","type-page","status-publish","hentry"],"_links":{"self":[{"href":"https:\/\/opg-kukic.hr\/index.php\/wp-json\/wp\/v2\/pages\/12","targetHints":{"allow":["GET"]}}],"collection":[{"href":"https:\/\/opg-kukic.hr\/index.php\/wp-json\/wp\/v2\/pages"}],"about":[{"href":"https:\/\/opg-kukic.hr\/index.php\/wp-json\/wp\/v2\/types\/page"}],"author":[{"embeddable":true,"href":"https:\/\/opg-kukic.hr\/index.php\/wp-json\/wp\/v2\/users\/1"}],"replies":[{"embeddable":true,"href":"https:\/\/opg-kukic.hr\/index.php\/wp-json\/wp\/v2\/comments?post=12"}],"version-history":[{"count":9,"href":"https:\/\/opg-kukic.hr\/index.php\/wp-json\/wp\/v2\/pages\/12\/revisions"}],"predecessor-version":[{"id":63,"href":"https:\/\/opg-kukic.hr\/index.php\/wp-json\/wp\/v2\/pages\/12\/revisions\/63"}],"wp:attachment":[{"href":"https:\/\/opg-kukic.hr\/index.php\/wp-json\/wp\/v2\/media?parent=12"}],"curies":[{"name":"wp","href":"https:\/\/api.w.org\/{rel}","templated":true}]}}